{"id":278,"date":"2018-06-06T21:27:59","date_gmt":"2018-06-06T21:27:59","guid":{"rendered":"http:\/\/smallbutraw.no\/?page_id=278"},"modified":"2018-10-07T21:14:38","modified_gmt":"2018-10-07T21:14:38","slug":"betaling","status":"publish","type":"page","link":"https:\/\/www.smallbutraw.no\/index.php\/nar-du-handler-av-oss\/betaling\/","title":{"rendered":"Betaling og frakt"},"content":{"rendered":"<p>Hos oss kan du betale med alle standard kort gjennom trygge og anerkjente Klarna.<\/p>\n<p>Om du representerer en organisasjon eller en virksomhet (f.eks barnehage), og \u00f8nsker \u00e5 betale p\u00e5 annen m\u00e5te, ta <a href=\"mailto:post@smallbutraw.no\">kontakt<\/a> med oss.<\/p>\n<h3>Varene leveres for henting&nbsp;i butikk eller hjem i din postkasse.<\/h3>\n<p>Fri frakt p\u00e5 alle kj\u00f8p over 800 kr.&nbsp;For bestillinger under 800 kr koster det 99 kr. Vi sender raskt, og levering tar vanligvis 1-3 dager.<\/p>\n<p>For noen av varene har vi avtale om fjernlager, da vil det ta litt lengre tid. Disse varene er merket med ansl\u00e5tt leveringstid i nettbutikken.<\/p>\n<p>Pakkene sendes med Bring.<\/p>\n<h1><\/h1>\n","protected":false},"excerpt":{"rendered":"<p>Hos oss kan du betale med alle standard kort gjennom trygge og anerkjente Klarna. Om du representerer en organisasjon eller en virksomhet (f.eks barnehage), og \u00f8nsker \u00e5 betale p\u00e5 annen m\u00e5te, ta kontakt med oss. Varene leveres for henting&nbsp;i butikk eller hjem i din postkasse. Fri frakt p\u00e5 alle kj\u00f8p over 800 kr.&nbsp;For bestillinger under [&hellip;]<\/p>\n","protected":false},"author":2,"featured_media":0,"parent":280,"menu_order":0,"comment_status":"closed","ping_status":"closed","template":"","meta":{"footnotes":""},"class_list":["post-278","page","type-page","status-publish","hentry"],"_links":{"self":[{"href":"https:\/\/www.smallbutraw.no\/index.php\/wp-json\/wp\/v2\/pages\/278","targetHints":{"allow":["GET"]}}],"collection":[{"href":"https:\/\/www.smallbutraw.no\/index.php\/wp-json\/wp\/v2\/pages"}],"about":[{"href":"https:\/\/www.smallbutraw.no\/index.php\/wp-json\/wp\/v2\/types\/page"}],"author":[{"embeddable":true,"href":"https:\/\/www.smallbutraw.no\/index.php\/wp-json\/wp\/v2\/users\/2"}],"replies":[{"embeddable":true,"href":"https:\/\/www.smallbutraw.no\/index.php\/wp-json\/wp\/v2\/comments?post=278"}],"version-history":[{"count":17,"href":"https:\/\/www.smallbutraw.no\/index.php\/wp-json\/wp\/v2\/pages\/278\/revisions"}],"predecessor-version":[{"id":1163,"href":"https:\/\/www.smallbutraw.no\/index.php\/wp-json\/wp\/v2\/pages\/278\/revisions\/1163"}],"up":[{"embeddable":true,"href":"https:\/\/www.smallbutraw.no\/index.php\/wp-json\/wp\/v2\/pages\/280"}],"wp:attachment":[{"href":"https:\/\/www.smallbutraw.no\/index.php\/wp-json\/wp\/v2\/media?parent=278"}],"curies":[{"name":"wp","href":"https:\/\/api.w.org\/{rel}","templated":true}]}}