{"id":304,"date":"2018-06-06T22:23:29","date_gmt":"2018-06-06T22:23:29","guid":{"rendered":"http:\/\/smallbutraw.no\/?page_id=304"},"modified":"2018-10-04T06:30:26","modified_gmt":"2018-10-04T06:30:26","slug":"om-oss","status":"publish","type":"page","link":"https:\/\/www.smallbutraw.no\/index.php\/nar-du-handler-av-oss\/om-oss\/","title":{"rendered":"Om Small but Raw"},"content":{"rendered":"<p>Small but Raw ble etablert i 2017 av Beate Horg og Gaute Bj\u00f8rnli. Vi driver nettbutikken p\u00e5 fritida sammen med gode hjelpere. I tillegg utvikler vi egne produkter som etterhvert vil komme for salg i nettbutikken.<\/p>\n<p>Vi holder til p\u00e5 Lundamo, en bygd fire mil s\u00f8r for Trondheim. Vi&nbsp;har seks barn til sammen og \u00e5revis med gode (og d\u00e5rlige!) erfaringer fra uteliv med barn.<\/p>\n<p>Utvalget i nettbutikken er basert p\u00e5 v\u00e5re egne erfaringer om hva som gj\u00f8r det morsommere \u00e5 v\u00e6re ute.<\/p>\n<p>V\u00e5r visjon er at det skal v\u00e6re like naturlig og moro \u00e5 v\u00e6re ute, som \u00e5 sitte inne. M\u00e5let v\u00e5rt er \u00e5 f\u00e5 flere i bevegelse ute i frisk luft.<\/p>\n<ul>\n<li>Vi tror at t\u00f8ffinger blir til ute i frisk luft.<\/li>\n<li>All aktivitet ute i frisk luft er supert &#8211; det er de sm\u00e5 turene som teller!<\/li>\n<li>De sm\u00e5 gledene har stor verdi. Ja takk til flere oppdagelser i hverdagen!<\/li>\n<\/ul>\n<p>I logoen v\u00e5r ser du arten som inspirerer oss mest, en <a href=\"https:\/\/www.artsdatabanken.no\/Pages\/185056\">sn\u00f8mus<\/a>&nbsp;&#8211; verdens minste rovdyr.<\/p>\n<h3>#r\u00e5p\u00e5tur #tursomteller #lekhelelivet<\/h3>\n","protected":false},"excerpt":{"rendered":"<p>Small but Raw ble etablert i 2017 av Beate Horg og Gaute Bj\u00f8rnli. Vi driver nettbutikken p\u00e5 fritida sammen med gode hjelpere. I tillegg utvikler vi egne produkter som etterhvert vil komme for salg i nettbutikken. Vi holder til p\u00e5 Lundamo, en bygd fire mil s\u00f8r for Trondheim. Vi&nbsp;har seks barn til sammen og \u00e5revis [&hellip;]<\/p>\n","protected":false},"author":2,"featured_media":0,"parent":280,"menu_order":0,"comment_status":"closed","ping_status":"closed","template":"template-fullwidth.php","meta":{"footnotes":""},"class_list":["post-304","page","type-page","status-publish","hentry"],"_links":{"self":[{"href":"https:\/\/www.smallbutraw.no\/index.php\/wp-json\/wp\/v2\/pages\/304","targetHints":{"allow":["GET"]}}],"collection":[{"href":"https:\/\/www.smallbutraw.no\/index.php\/wp-json\/wp\/v2\/pages"}],"about":[{"href":"https:\/\/www.smallbutraw.no\/index.php\/wp-json\/wp\/v2\/types\/page"}],"author":[{"embeddable":true,"href":"https:\/\/www.smallbutraw.no\/index.php\/wp-json\/wp\/v2\/users\/2"}],"replies":[{"embeddable":true,"href":"https:\/\/www.smallbutraw.no\/index.php\/wp-json\/wp\/v2\/comments?post=304"}],"version-history":[{"count":40,"href":"https:\/\/www.smallbutraw.no\/index.php\/wp-json\/wp\/v2\/pages\/304\/revisions"}],"predecessor-version":[{"id":1147,"href":"https:\/\/www.smallbutraw.no\/index.php\/wp-json\/wp\/v2\/pages\/304\/revisions\/1147"}],"up":[{"embeddable":true,"href":"https:\/\/www.smallbutraw.no\/index.php\/wp-json\/wp\/v2\/pages\/280"}],"wp:attachment":[{"href":"https:\/\/www.smallbutraw.no\/index.php\/wp-json\/wp\/v2\/media?parent=304"}],"curies":[{"name":"wp","href":"https:\/\/api.w.org\/{rel}","templated":true}]}}