{"id":364,"date":"2018-07-10T19:07:32","date_gmt":"2018-07-10T19:07:32","guid":{"rendered":"http:\/\/smallbutraw.no\/?page_id=364"},"modified":"2018-10-04T06:29:55","modified_gmt":"2018-10-04T06:29:55","slug":"miljo-og-baerekraft","status":"publish","type":"page","link":"https:\/\/www.smallbutraw.no\/index.php\/nar-du-handler-av-oss\/miljo-og-baerekraft\/","title":{"rendered":"Milj\u00f8 og b\u00e6rekraft"},"content":{"rendered":"<h2>Store opplevelser &#8211; sm\u00e5 avtrykk<\/h2>\n<p>Alle produktene du finner hos oss er av god kvalitet, og de skal vare lenge! Vi vurderer er alle produktene etter hvor b\u00e6rekraftige de er, og pr\u00f8ver s\u00e5 godt vi kan \u00e5 p\u00e5virke natur og milj\u00f8 i positiv retning.<\/p>\n<h2>Milj\u00f8vennlig emballasje<\/h2>\n<p>Den emballasjen vi bruker skal gi minst mulig fotavtrykk i naturen.<\/p>\n<ul>\n<li>Vi tar av all plastik f\u00f8r vi sender, og kildesorterer.<br \/>\nDen hender at noen av produktene v\u00e5re er pakket i plast n\u00e5r de kommer til oss. Vi s\u00f8rger for at plasten sorteres riktig, s\u00e5 slipper du \u00e5 tenke p\u00e5 det.<\/li>\n<li>Vi bruker&nbsp;Airtape&#x2122; &#8211; Milj\u00f8vennlig PP-pakketape<br \/>\nDen gir ca. 30 % mindre CO\u00b2-utslipp pr meter tape under produksjon, samt 30 % mindre avfall hos forbrukeren. Plastfilmen til Airtape\u00ae er av h\u00f8yere kvalitet eog kan derfor v\u00e6re tynnere og samtidig beholde de gode egenskapene en tykkere tape har.<\/li>\n<li>Vi pr\u00f8ver \u00e5 unng\u00e5 \u00e5 bruke fyllmasse i pakkene v\u00e5re, men om vi m\u00e5, benyttes 100 % rent, ubleket og resirkulert kraftpapir p\u00e5 40 g\/m2.<\/li>\n<\/ul>\n","protected":false},"excerpt":{"rendered":"<p>Store opplevelser &#8211; sm\u00e5 avtrykk Alle produktene du finner hos oss er av god kvalitet, og de skal vare lenge! Vi vurderer er alle produktene etter hvor b\u00e6rekraftige de er, og pr\u00f8ver s\u00e5 godt vi kan \u00e5 p\u00e5virke natur og milj\u00f8 i positiv retning. Milj\u00f8vennlig emballasje Den emballasjen vi bruker skal gi minst mulig fotavtrykk [&hellip;]<\/p>\n","protected":false},"author":2,"featured_media":0,"parent":280,"menu_order":0,"comment_status":"closed","ping_status":"closed","template":"","meta":{"footnotes":""},"class_list":["post-364","page","type-page","status-publish","hentry"],"_links":{"self":[{"href":"https:\/\/www.smallbutraw.no\/index.php\/wp-json\/wp\/v2\/pages\/364","targetHints":{"allow":["GET"]}}],"collection":[{"href":"https:\/\/www.smallbutraw.no\/index.php\/wp-json\/wp\/v2\/pages"}],"about":[{"href":"https:\/\/www.smallbutraw.no\/index.php\/wp-json\/wp\/v2\/types\/page"}],"author":[{"embeddable":true,"href":"https:\/\/www.smallbutraw.no\/index.php\/wp-json\/wp\/v2\/users\/2"}],"replies":[{"embeddable":true,"href":"https:\/\/www.smallbutraw.no\/index.php\/wp-json\/wp\/v2\/comments?post=364"}],"version-history":[{"count":12,"href":"https:\/\/www.smallbutraw.no\/index.php\/wp-json\/wp\/v2\/pages\/364\/revisions"}],"predecessor-version":[{"id":1145,"href":"https:\/\/www.smallbutraw.no\/index.php\/wp-json\/wp\/v2\/pages\/364\/revisions\/1145"}],"up":[{"embeddable":true,"href":"https:\/\/www.smallbutraw.no\/index.php\/wp-json\/wp\/v2\/pages\/280"}],"wp:attachment":[{"href":"https:\/\/www.smallbutraw.no\/index.php\/wp-json\/wp\/v2\/media?parent=364"}],"curies":[{"name":"wp","href":"https:\/\/api.w.org\/{rel}","templated":true}]}}