{"id":953,"date":"2018-09-04T18:41:32","date_gmt":"2018-09-04T18:41:32","guid":{"rendered":"http:\/\/smallbutraw.no\/?page_id=953"},"modified":"2018-10-04T06:29:27","modified_gmt":"2018-10-04T06:29:27","slug":"bytte-og-retur","status":"publish","type":"page","link":"https:\/\/www.smallbutraw.no\/index.php\/nar-du-handler-av-oss\/bytte-og-retur\/","title":{"rendered":"Bytte og retur"},"content":{"rendered":"\n<h2 class=\"wp-block-heading\">Hvis et\u00a0produkt du har kj\u00f8pt oss oss blir \u00f8delagt p\u00e5 grunn av feil i h\u00e5ndverk eller materiale, ta kontakt med oss. Skader som ikke dekkes av garantien, pr\u00f8ver vi \u00e5 reparere for en rimelig pris.<\/h2>\n\n\n\n<p><br\/>Garantien gjelder ikke vanlig slitasje, misbruk, vanskj\u00f8tsel eller uforsiktighet bruk av produktet.<\/p>\n\n\n\n<h2 class=\"wp-block-heading\">Er du ikke helt forn\u00f8yd? Da f\u00e5r du ogs\u00e5 returnert eller byttet varen.\u00a0<\/h2>\n\n\n\n<ul class=\"wp-block-list\"><li>Varer som returneres m\u00e5 v\u00e6re rengjort og ikke synlig brukt<\/li><li>Varer som er skitne, lukter eller med synlig skade vil ikke bli akseptert<\/li><\/ul>\n\n\n\n<h3 class=\"wp-block-heading\">Slik gj\u00f8r du det:<\/h3>\n\n\n\n<p><strong>1.<\/strong>\u00a0Fyll ut returskjemaet som ligger i pakken, og angi \u00e5rsaken til hvorfor du \u00f8nsker \u00e5 bytte eller returnere varen<\/p>\n\n\n\n<p><strong>2.<\/strong>\u00a0Legg returskjemaet sammen med det du skal returnere. Bruk gjerne posen\/esken varen ble levert i &#8211; eller annen papir-innpakning. Det er det best for milj\u00f8et!<\/p>\n\n\n\n<p><strong>3.<\/strong>\u00a0Klistre returetiketten godt synlig p\u00e5 esken og lever til n\u00e6rmeste postkontor. Om du handlet for under kr. 1000,- belastes du med et returgebyr p\u00e5 kr. 99,-<\/p>\n\n\n\n<p>N\u00e5r vi har behandlet returen s\u00f8rger Klarna for oppdatert faktura og tilbakebetaling (ogs\u00e5 via kort). Tilbakebetalingen skjer innen 7-14 virkedager etter at vi har gitt beskjed om refundering.<\/p>\n\n\n\n<p>Om du har sp\u00f8rsm\u00e5l om frakt, retur eller bytte, kontakt oss p\u00e5 <a href=\"mailto:post@smallbutraw.no\">e-post<\/a> eller send oss en melding p\u00e5 <a href=\"http:\/\/Www.facebook.com\/smallbutraw\">Facebook<\/a>.<\/p>\n","protected":false},"excerpt":{"rendered":"<p>Hvis et\u00a0produkt du har kj\u00f8pt oss oss blir \u00f8delagt p\u00e5 grunn av feil i h\u00e5ndverk eller materiale, ta kontakt med oss. Skader som ikke dekkes av garantien, pr\u00f8ver vi \u00e5 reparere for en rimelig pris. Garantien gjelder ikke vanlig slitasje, misbruk, vanskj\u00f8tsel eller uforsiktighet bruk av produktet. Er du ikke helt forn\u00f8yd? Da f\u00e5r du [&hellip;]<\/p>\n","protected":false},"author":2,"featured_media":0,"parent":280,"menu_order":0,"comment_status":"closed","ping_status":"closed","template":"","meta":{"footnotes":""},"class_list":["post-953","page","type-page","status-publish","hentry"],"_links":{"self":[{"href":"https:\/\/www.smallbutraw.no\/index.php\/wp-json\/wp\/v2\/pages\/953","targetHints":{"allow":["GET"]}}],"collection":[{"href":"https:\/\/www.smallbutraw.no\/index.php\/wp-json\/wp\/v2\/pages"}],"about":[{"href":"https:\/\/www.smallbutraw.no\/index.php\/wp-json\/wp\/v2\/types\/page"}],"author":[{"embeddable":true,"href":"https:\/\/www.smallbutraw.no\/index.php\/wp-json\/wp\/v2\/users\/2"}],"replies":[{"embeddable":true,"href":"https:\/\/www.smallbutraw.no\/index.php\/wp-json\/wp\/v2\/comments?post=953"}],"version-history":[{"count":8,"href":"https:\/\/www.smallbutraw.no\/index.php\/wp-json\/wp\/v2\/pages\/953\/revisions"}],"predecessor-version":[{"id":1144,"href":"https:\/\/www.smallbutraw.no\/index.php\/wp-json\/wp\/v2\/pages\/953\/revisions\/1144"}],"up":[{"embeddable":true,"href":"https:\/\/www.smallbutraw.no\/index.php\/wp-json\/wp\/v2\/pages\/280"}],"wp:attachment":[{"href":"https:\/\/www.smallbutraw.no\/index.php\/wp-json\/wp\/v2\/media?parent=953"}],"curies":[{"name":"wp","href":"https:\/\/api.w.org\/{rel}","templated":true}]}}