{"id":209,"date":"2018-03-03T09:27:49","date_gmt":"2018-03-03T09:27:49","guid":{"rendered":"http:\/\/smallbutraw.no\/?post_type=product&#038;p=209"},"modified":"2021-08-02T17:35:03","modified_gmt":"2021-08-02T17:35:03","slug":"eldris-assesories-kit","status":"publish","type":"product","link":"https:\/\/www.smallbutraw.no\/index.php\/produkt\/eldris-assesories-kit\/","title":{"rendered":"Eldris Assesories Kit &#8211; kniv og tennst\u00e5l i ett"},"content":{"rendered":"<p>Eldris er en liten og utrolig fleksibel kniv!\u00a0Den lille hemmeligheten i Assesories Kit er det innebygde tennst\u00e5let som er perfekt n\u00e5r det er p\u00e5 tide \u00e5 tenne bl\u00e5. Den\u00a0tar veldig liten plass og blir fort en naturlig del av b\u00e5de store og sm\u00e5 turer!<\/p>\n<p>&nbsp;<\/p>\n<p>&nbsp;<\/p>\n<p>&nbsp;<\/p>\n<p>&nbsp;<\/p>\n","protected":false},"excerpt":{"rendered":"<p>Bladet p\u00e5 kniven er laget i h\u00f8ykvalitets svensk rustfritt st\u00e5l, og er 2 mm tykt og 59 mm langt. Den er enkel og smidig i bruk, og med tennst\u00e5let g\u00e5r det fint an \u00e5 tenne opp primusen eller b\u00e5let.<\/p>\n<p>Les mer om <a href=\"https:\/\/morakniv.se\/wp-content\/uploads\/2016\/05\/Eldris-folder-SV.pdf\">Eldris-kniven<\/a> hos Morakniv.<\/p>\n","protected":false},"featured_media":212,"comment_status":"open","ping_status":"closed","template":"","meta":[],"product_brand":[],"product_cat":[99,27,17],"product_tag":[25,24,26],"class_list":{"0":"post-209","1":"product","2":"type-product","3":"status-publish","4":"has-post-thumbnail","6":"product_cat-morakniv","7":"product_cat-utforsk-og-lar","8":"product_cat-utstyr","9":"product_tag-bal","10":"product_tag-kniv","11":"product_tag-tennstal","13":"first","14":"instock","15":"shipping-taxable","16":"purchasable","17":"product-type-variable"},"_links":{"self":[{"href":"https:\/\/www.smallbutraw.no\/index.php\/wp-json\/wp\/v2\/product\/209","targetHints":{"allow":["GET"]}}],"collection":[{"href":"https:\/\/www.smallbutraw.no\/index.php\/wp-json\/wp\/v2\/product"}],"about":[{"href":"https:\/\/www.smallbutraw.no\/index.php\/wp-json\/wp\/v2\/types\/product"}],"replies":[{"embeddable":true,"href":"https:\/\/www.smallbutraw.no\/index.php\/wp-json\/wp\/v2\/comments?post=209"}],"wp:featuredmedia":[{"embeddable":true,"href":"https:\/\/www.smallbutraw.no\/index.php\/wp-json\/wp\/v2\/media\/212"}],"wp:attachment":[{"href":"https:\/\/www.smallbutraw.no\/index.php\/wp-json\/wp\/v2\/media?parent=209"}],"wp:term":[{"taxonomy":"product_brand","embeddable":true,"href":"https:\/\/www.smallbutraw.no\/index.php\/wp-json\/wp\/v2\/product_brand?post=209"},{"taxonomy":"product_cat","embeddable":true,"href":"https:\/\/www.smallbutraw.no\/index.php\/wp-json\/wp\/v2\/product_cat?post=209"},{"taxonomy":"product_tag","embeddable":true,"href":"https:\/\/www.smallbutraw.no\/index.php\/wp-json\/wp\/v2\/product_tag?post=209"}],"curies":[{"name":"wp","href":"https:\/\/api.w.org\/{rel}","templated":true}]}}