{"id":494,"date":"2018-07-19T20:15:58","date_gmt":"2018-07-19T20:15:58","guid":{"rendered":"http:\/\/smallbutraw.no\/?post_type=product&#038;p=494"},"modified":"2021-07-29T20:18:08","modified_gmt":"2021-07-29T20:18:08","slug":"kraftig-opphengstau-ticket-to-the-moon","status":"publish","type":"product","link":"https:\/\/www.smallbutraw.no\/index.php\/produkt\/kraftig-opphengstau-ticket-to-the-moon\/","title":{"rendered":"Kraftig opphengstau &#8211; Ticket to the moon"},"content":{"rendered":"<p>Tauene er i 100 % nylon og t\u00e5ler 200 kg.<\/p>\n<ul>\n<li>Lengde: 240cm<\/li>\n<li>Tykkelse: 5mm<\/li>\n<\/ul>\n","protected":false},"excerpt":{"rendered":"<p>Kraftig nylontau til \u00e5 henge opp alle Ticket to the Moon-hengek\u00f8yene. Brukes rundt tr\u00e6r, stolper eller andre steder man vil henge opp k\u00f8yen. Kommer i en pakkpose.<\/p>\n","protected":false},"featured_media":633,"comment_status":"open","ping_status":"closed","template":"","meta":[],"product_brand":[],"product_cat":[45,17],"product_tag":[42,38,41,46,40,39,44],"class_list":{"0":"post-494","1":"product","2":"type-product","3":"status-publish","4":"has-post-thumbnail","6":"product_cat-ticket-to-the-moon","7":"product_cat-utstyr","8":"product_tag-fly","9":"product_tag-glemme-tid-og-sted","10":"product_tag-hvile","11":"product_tag-sikkerhet","12":"product_tag-slappe-av","13":"product_tag-sove","14":"product_tag-sove-ute","16":"first","17":"outofstock","18":"shipping-taxable","19":"purchasable","20":"product-type-simple"},"_links":{"self":[{"href":"https:\/\/www.smallbutraw.no\/index.php\/wp-json\/wp\/v2\/product\/494","targetHints":{"allow":["GET"]}}],"collection":[{"href":"https:\/\/www.smallbutraw.no\/index.php\/wp-json\/wp\/v2\/product"}],"about":[{"href":"https:\/\/www.smallbutraw.no\/index.php\/wp-json\/wp\/v2\/types\/product"}],"replies":[{"embeddable":true,"href":"https:\/\/www.smallbutraw.no\/index.php\/wp-json\/wp\/v2\/comments?post=494"}],"wp:featuredmedia":[{"embeddable":true,"href":"https:\/\/www.smallbutraw.no\/index.php\/wp-json\/wp\/v2\/media\/633"}],"wp:attachment":[{"href":"https:\/\/www.smallbutraw.no\/index.php\/wp-json\/wp\/v2\/media?parent=494"}],"wp:term":[{"taxonomy":"product_brand","embeddable":true,"href":"https:\/\/www.smallbutraw.no\/index.php\/wp-json\/wp\/v2\/product_brand?post=494"},{"taxonomy":"product_cat","embeddable":true,"href":"https:\/\/www.smallbutraw.no\/index.php\/wp-json\/wp\/v2\/product_cat?post=494"},{"taxonomy":"product_tag","embeddable":true,"href":"https:\/\/www.smallbutraw.no\/index.php\/wp-json\/wp\/v2\/product_tag?post=494"}],"curies":[{"name":"wp","href":"https:\/\/api.w.org\/{rel}","templated":true}]}}