{"id":601,"date":"2018-07-28T09:26:20","date_gmt":"2018-07-28T09:26:20","guid":{"rendered":"http:\/\/smallbutraw.no\/?post_type=product&#038;p=601"},"modified":"2024-06-04T14:33:54","modified_gmt":"2024-06-04T14:33:54","slug":"bora-7-prism-kites","status":"publish","type":"product","link":"https:\/\/www.smallbutraw.no\/index.php\/produkt\/bora-7-prism-kites\/","title":{"rendered":"Dragen Bora 7 &#8211; Prism Kites"},"content":{"rendered":"<p>Dragen har ingen deler \u00e5 sette sammen, og derfor ingen deler du kan miste. Leveres med flettet flygelinje og en brukervennlig b\u00f8yle og holde i.<\/p>\n<p><span lang=\"no\">Bora 7 flyr best i vind fra 9,5 &#8211; 40 km\/t (Se <a href=\"http:\/\/www.tranoy.net\/stavanger\/weather\/beauforts.htm\">Beaufortskalaen<\/a>)<br \/>\n<\/span><\/p>\n<ul>\n<li><span lang=\"no\">Total vekt p\u00e5 dragen: 0, 4 kg <\/span><\/li>\n<li><span lang=\"no\">St\u00f8rrelse: 124 x 81 cm <\/span><\/li>\n<li><span lang=\"no\">Lengde p\u00e5 linjen: 91,5 m<\/span><\/li>\n<li>Vekt p\u00e5 linjen: 0,36 kg<\/li>\n<\/ul>\n<p><span lang=\"no\">Dragene fra Prism Kites best\u00e5r av et lett, sterkt og stivt materiale som tar flyopplevelsen et steg videre. Les mer p\u00e5 <a href=\"https:\/\/prismkites.com\/prism-kites-company\/\">Prism Kites nettsider<\/a>.<\/span><\/p>\n<p>&nbsp;<\/p>\n<p>&nbsp;<\/p>\n","protected":false},"excerpt":{"rendered":"<p><span title=\"\">Bora 7 er en lettflytende drage som er perfekt for \u00e5 slappe av p\u00e5 i parken, ved sj\u00f8en eller p\u00e5 fjellet. Den er lett \u00e5 h\u00e5ndtere og rask \u00e5 starte.\u00a0<\/span><span title=\"\">Den lange flytende halen s\u00f8rger for at den er lett \u00e5 f\u00e5 \u00f8ye p\u00e5 &#8211; og kan spottes p\u00e5 mange kilometers avstand.<\/span><\/p>\n","protected":false},"featured_media":1067,"comment_status":"open","ping_status":"closed","template":"","meta":[],"product_brand":[],"product_cat":[174,17],"product_tag":[60,59,42,38,61,63,62],"class_list":{"0":"post-601","1":"product","2":"type-product","3":"status-publish","4":"has-post-thumbnail","6":"product_cat-drager","7":"product_cat-utstyr","8":"product_tag-drage","9":"product_tag-drageflyging","10":"product_tag-fly","11":"product_tag-glemme-tid-og-sted","12":"product_tag-luft","13":"product_tag-seil","14":"product_tag-vind","16":"first","17":"instock","18":"shipping-taxable","19":"product-type-variable"},"_links":{"self":[{"href":"https:\/\/www.smallbutraw.no\/index.php\/wp-json\/wp\/v2\/product\/601","targetHints":{"allow":["GET"]}}],"collection":[{"href":"https:\/\/www.smallbutraw.no\/index.php\/wp-json\/wp\/v2\/product"}],"about":[{"href":"https:\/\/www.smallbutraw.no\/index.php\/wp-json\/wp\/v2\/types\/product"}],"replies":[{"embeddable":true,"href":"https:\/\/www.smallbutraw.no\/index.php\/wp-json\/wp\/v2\/comments?post=601"}],"wp:featuredmedia":[{"embeddable":true,"href":"https:\/\/www.smallbutraw.no\/index.php\/wp-json\/wp\/v2\/media\/1067"}],"wp:attachment":[{"href":"https:\/\/www.smallbutraw.no\/index.php\/wp-json\/wp\/v2\/media?parent=601"}],"wp:term":[{"taxonomy":"product_brand","embeddable":true,"href":"https:\/\/www.smallbutraw.no\/index.php\/wp-json\/wp\/v2\/product_brand?post=601"},{"taxonomy":"product_cat","embeddable":true,"href":"https:\/\/www.smallbutraw.no\/index.php\/wp-json\/wp\/v2\/product_cat?post=601"},{"taxonomy":"product_tag","embeddable":true,"href":"https:\/\/www.smallbutraw.no\/index.php\/wp-json\/wp\/v2\/product_tag?post=601"}],"curies":[{"name":"wp","href":"https:\/\/api.w.org\/{rel}","templated":true}]}}