{"id":734,"date":"2017-01-02T19:19:02","date_gmt":"2017-01-02T19:19:02","guid":{"rendered":"http:\/\/smallbutraw.no\/?post_type=product&#038;p=734"},"modified":"2021-05-11T21:07:47","modified_gmt":"2021-05-11T21:07:47","slug":"stortforstorrelsesglass","status":"publish","type":"product","link":"https:\/\/www.smallbutraw.no\/index.php\/produkt\/stortforstorrelsesglass\/","title":{"rendered":"Stort forst\u00f8rrelsesglass med ekstrautstyr"},"content":{"rendered":"<p>Leket\u00f8y fra Navir har sv\u00e6rt god kvalitet.<\/p>\n<p>Diameter: 60 mm<br \/>\nLiten linse: 13 mm<br \/>\nF\u00f8rst\u00f8rrer 3 og 7 ganger<\/p>\n<p>Dimensjon 14 x 5,8 x 0,9 cm<\/p>\n<p>&nbsp;<\/p>\n<p>&nbsp;<\/p>\n","protected":false},"excerpt":{"rendered":"<p>N\u00e5r du tar med et s\u00e5 stort forst\u00f8rrelsesglass p\u00e5 tur, blir naturen ekstra interessant! Med dette mega-forst\u00f8rrelsesglasset med pinsett kan du studere blomster, blader, insekter og dyr. Om du vil bruke litt ekstra tid p\u00e5 \u00e5 studere noe spennende &#8211; sett ned den lille st\u00f8ttefoten.<\/p>\n<p>&nbsp;<\/p>\n","protected":false},"featured_media":737,"comment_status":"open","ping_status":"closed","template":"","meta":[],"product_brand":[],"product_cat":[27],"product_tag":[],"class_list":{"0":"post-734","1":"product","2":"type-product","3":"status-publish","4":"has-post-thumbnail","6":"product_cat-utforsk-og-lar","8":"first","9":"outofstock","10":"featured","11":"shipping-taxable","12":"purchasable","13":"product-type-simple"},"_links":{"self":[{"href":"https:\/\/www.smallbutraw.no\/index.php\/wp-json\/wp\/v2\/product\/734","targetHints":{"allow":["GET"]}}],"collection":[{"href":"https:\/\/www.smallbutraw.no\/index.php\/wp-json\/wp\/v2\/product"}],"about":[{"href":"https:\/\/www.smallbutraw.no\/index.php\/wp-json\/wp\/v2\/types\/product"}],"replies":[{"embeddable":true,"href":"https:\/\/www.smallbutraw.no\/index.php\/wp-json\/wp\/v2\/comments?post=734"}],"wp:featuredmedia":[{"embeddable":true,"href":"https:\/\/www.smallbutraw.no\/index.php\/wp-json\/wp\/v2\/media\/737"}],"wp:attachment":[{"href":"https:\/\/www.smallbutraw.no\/index.php\/wp-json\/wp\/v2\/media?parent=734"}],"wp:term":[{"taxonomy":"product_brand","embeddable":true,"href":"https:\/\/www.smallbutraw.no\/index.php\/wp-json\/wp\/v2\/product_brand?post=734"},{"taxonomy":"product_cat","embeddable":true,"href":"https:\/\/www.smallbutraw.no\/index.php\/wp-json\/wp\/v2\/product_cat?post=734"},{"taxonomy":"product_tag","embeddable":true,"href":"https:\/\/www.smallbutraw.no\/index.php\/wp-json\/wp\/v2\/product_tag?post=734"}],"curies":[{"name":"wp","href":"https:\/\/api.w.org\/{rel}","templated":true}]}}